{"id":1106,"date":"2025-06-27T14:55:25","date_gmt":"2025-06-27T12:55:25","guid":{"rendered":"https:\/\/www.socabasecamp.com\/home\/"},"modified":"2025-06-27T14:55:25","modified_gmt":"2025-06-27T12:55:25","slug":"home","status":"publish","type":"page","link":"https:\/\/www.socabasecamp.com\/de\/home\/","title":{"rendered":"home"},"content":{"rendered":"<p>[et_pb_section fb_built=&#8221;1&#8243; custom_padding_last_edited=&#8221;on|phone&#8221; admin_label=&#8221;Header&#8221; _builder_version=&#8221;3.19.5&#8243; use_background_color_gradient=&#8221;on&#8221; background_color_gradient_start=&#8221;#0c71c3&#8243; background_color_gradient_end=&#8221;rgba(52,53,61,0.98)&#8221; background_color_gradient_type=&#8221;radial&#8221; background_color_gradient_start_position=&#8221;25%&#8221; background_image=&#8221;https:\/\/www.socabasecamp.com\/wp-content\/uploads\/2022\/06\/DJI_0658-scaled.jpg&#8221; parallax=&#8221;on&#8221; box_shadow_style=&#8221;preset2&#8243; max_width_phone=&#8221;100%&#8221; max_width_last_edited=&#8221;on|phone&#8221; custom_padding=&#8221;0||0||true|false&#8221; custom_padding_tablet=&#8221;31px||31px||true|false&#8221; custom_padding_phone=&#8221;17px||17px|0px|true|false&#8221; filter_contrast=&#8221;73%&#8221; bottom_divider_height=&#8221;250px&#8221; bottom_divider_flip=&#8221;horizontal&#8221; bottom_divider_height_tablet=&#8221;150px&#8221; bottom_divider_height_phone=&#8221;110px&#8221; bottom_divider_height_last_edited=&#8221;on|phone&#8221; animation_style=&#8221;fade&#8221; hover_transition_speed_curve=&#8221;ease-in&#8221; saved_tabs=&#8221;all&#8221;][et_pb_row custom_padding=&#8221;264px|0px|230px|0px|false|false&#8221; _builder_version=&#8221;3.2.1&#8243;][et_pb_column type=&#8221;4_4&#8243; _builder_version=&#8221;3.0.47&#8243; parallax=&#8221;off&#8221; parallax_method=&#8221;on&#8221;][et_pb_text _builder_version=&#8221;3.3.1&#8243; text_font=&#8221;Roboto||||||||&#8221; text_font_size=&#8221;16px&#8221; text_font_size_last_edited=&#8221;off|desktop&#8221; text_line_height=&#8221;1.8em&#8221; header_font=&#8221;Roboto|700|||||||&#8221; header_text_align=&#8221;center&#8221; header_font_size=&#8221;80px&#8221; header_font_size_tablet=&#8221;40px&#8221; header_font_size_phone=&#8221;32px&#8221; header_font_size_last_edited=&#8221;on|phone&#8221; header_line_height=&#8221;1.2em&#8221; header_3_font=&#8221;Roboto|700||on|||||&#8221; header_3_text_align=&#8221;center&#8221; header_3_text_color=&#8221;#ffffff&#8221; header_3_font_size=&#8221;24px&#8221; header_3_font_size_tablet=&#8221;16px&#8221; header_3_font_size_phone=&#8221;14px&#8221; header_3_font_size_last_edited=&#8221;on|phone&#8221; header_3_letter_spacing=&#8221;10px&#8221; header_3_letter_spacing_tablet=&#8221;5px&#8221; header_3_letter_spacing_last_edited=&#8221;on|tablet&#8221; header_3_line_height=&#8221;2em&#8221; text_orientation=&#8221;center&#8221; background_layout=&#8221;dark&#8221; module_alignment=&#8221;center&#8221;]<\/p>\n<h3>So\u010da<\/h3>\n<h1>BASE CAMP<\/h1>\n<p>[\/et_pb_text][et_pb_text _builder_version=&#8221;3.3.1&#8243; text_font=&#8221;||||||||&#8221; text_font_size=&#8221;20px&#8221; text_font_size_last_edited=&#8221;off|desktop&#8221; text_line_height=&#8221;2em&#8221; ul_font=&#8221;||||||||&#8221; header_font=&#8221;Roboto|700|||||||&#8221; header_text_align=&#8221;center&#8221; header_font_size=&#8221;80px&#8221; header_font_size_tablet=&#8221;40px&#8221; header_font_size_phone=&#8221;32px&#8221; header_font_size_last_edited=&#8221;on|phone&#8221; header_line_height=&#8221;1.2em&#8221; header_3_font=&#8221;Roboto|700||on|||||&#8221; header_3_text_align=&#8221;center&#8221; header_3_text_color=&#8221;#ffffff&#8221; header_3_font_size=&#8221;24px&#8221; header_3_font_size_tablet=&#8221;16px&#8221; header_3_font_size_phone=&#8221;14px&#8221; header_3_font_size_last_edited=&#8221;on|phone&#8221; header_3_letter_spacing=&#8221;10px&#8221; header_3_letter_spacing_tablet=&#8221;5px&#8221; header_3_letter_spacing_last_edited=&#8221;on|tablet&#8221; header_3_line_height=&#8221;2em&#8221; text_orientation=&#8221;center&#8221; background_layout=&#8221;dark&#8221; max_width=&#8221;800px&#8221; module_alignment=&#8221;center&#8221;]<\/p>\n<p>Wo dein Abenteuer beginnt!!<\/p>\n<p>[\/et_pb_text][\/et_pb_column][\/et_pb_row][\/et_pb_section][et_pb_section fb_built=&#8221;1&#8243; _builder_version=&#8221;3.17.6&#8243; background_color=&#8221;#393d42&#8243; custom_padding=&#8221;11px|0px|11px|0px|true|false&#8221;][et_pb_row custom_padding=&#8221;27px|0px|60px|0|false|false&#8221; _builder_version=&#8221;3.19.5&#8243; custom_width_px=&#8221;1777px&#8221;][et_pb_column type=&#8221;1_3&#8243; _builder_version=&#8221;3.19.5&#8243; parallax=&#8221;off&#8221; parallax_method=&#8221;on&#8221;][et_pb_image box_shadow_style=&#8221;preset2&#8243; src=&#8221;https:\/\/www.socabasecamp.com\/wp-content\/uploads\/2025\/06\/kajak-sola-14-scaled.jpg&#8221; _builder_version=&#8221;3.19.5&#8243; url=&#8221;https:\/\/www.socabasecamp.com\/de\/kajakschule-2\/&#8221;][\/et_pb_image][et_pb_pricing_tables _builder_version=&#8221;3.19.5&#8243;][et_pb_pricing_table title=&#8221;15-st\u00fcndige Kajakschule&#8221; subtitle=&#8221;5 Tage Wildwasser&#8221; currency=&#8221;\u20ac&#8221; sum=&#8221;400&#8243; _builder_version=&#8221;3.19.5&#8243; button_text=&#8221;Hier reservieren&#8221; link_option_url=&#8221;https:\/\/www.socabasecamp.com\/831-2\/?re-product-id=221713&amp;rwstep=product&#8221; button_url=&#8221;https:\/\/www.socabasecamp.com\/de\/kajakschule-2\/?re-product-id=221713&amp;amp;rwstep=product&#8221;]<\/p>\n<p>Der beste Weg, Kajakfahren von Grund auf zu lernen oder deine F\u00e4higkeiten zu verbessern.<br \/>\nBis zu 3 Stunden pro Tag auf dem Wasser in einer Gruppe von bis zu 6 Personen.<br \/>\nWir versprechen dir 5 Tage mit einem erfahrenen Instructor in wundersch\u00f6ner Umgebung, wobei sich der Schwierigkeitsgrad deinem K\u00f6nnen anpasst. Der perfekte Start in eine neue Sportart!<\/p>\n<p>FLUSS-PASS NICHT INKLUSIVE und muss separat gekauft werden. Um es einfacher zu machen, ist er im hier angezeigten Preis bereits eingerechnet.<\/p>\n<p>[\/et_pb_pricing_table][et_pb_pricing_table title=&#8221;Kajak-Verleih&#8221; subtitle=&#8221;Dein Solo-Kajak-Abenteuer&#8221; currency=&#8221;\u20ac&#8221; sum=&#8221;35&#8243; _builder_version=&#8221;3.19.5&#8243; button_text=&#8221;Hier reservieren&#8221; button_url=&#8221;https:\/\/www.socabasecamp.com\/de\/kajakschule-2\/?re-product-id=221698&amp;amp;rwstep=product&#8221; link_option_url=&#8221;https:\/\/www.socabasecamp.com\/831-2\/?re-product-id=221698&amp;rwstep=product&#8221;]<\/p>\n<p><span>Wir verleihen dir unsere Kajakausr\u00fcstung und holen dich sp\u00e4ter wieder ab.<br \/>\nMit unseren Prijon-Kajaks f\u00fcr Flachwasser kannst du den See und die Schlucht des Flusses Idrijca frei erkunden.<\/span><\/p>\n<p>FLUSS-PASS NICHT INKLUSIVE und muss separat gekauft werden. Um es einfacher zu machen, ist er im hier angezeigten Preis bereits eingerechnet.<\/p>\n<p>[\/et_pb_pricing_table][et_pb_pricing_table title=&#8221;3-st\u00fcndige Kajakschule&#8221; subtitle=&#8221;Ein gro\u00dfartiger Start deiner Kajak-Karriere&#8221; currency=&#8221;\u20ac&#8221; sum=&#8221;85&#8243; _builder_version=&#8221;3.19.5&#8243; button_text=&#8221;Hier reservieren&#8221; link_option_url=&#8221;https:\/\/www.socabasecamp.com\/831-2\/?re-product-id=221710&amp;rwstep=product&#8221; button_url=&#8221;https:\/\/www.socabasecamp.com\/de\/kajakschule-2\/?re-product-id=221710&amp;amp;rwstep=product&#8221;]<\/p>\n<p>&nbsp;<span>Du m\u00f6chtest Kajakfahren lernen oder deine Technik verbessern, hast aber wenig Zeit?<br \/>\nKein Problem \u2013 in den 3 Stunden auf dem Wasser holen wir das Beste aus deinen F\u00e4higkeiten heraus!<\/span><\/p>\n<p>FLUSS-PASS NICHT INKLUSIVE und muss separat gekauft werden. Um es einfacher zu machen, ist er im hier angezeigten Preis bereits eingerechnet.<\/p>\n<p>[\/et_pb_pricing_table][et_pb_pricing_table title=&#8221;Kajak-Tandem&#8221; subtitle=&#8221;Kajakfahren, wo die Profis unterwegs sind!&#8221; currency=&#8221;\u20ac&#8221; sum=&#8221;130&#8243; _builder_version=&#8221;3.19.5&#8243; button_text=&#8221;Hier reservieren&#8221;]<\/p>\n<p><span>WWellen, kleine adrenalingeladene Spr\u00fcnge und das Beste, was die Wildwasser-So\u010da zu bieten hat.<br \/>\nPerfekt f\u00fcr alle, die zum ersten Mal Wildwasser erleben m\u00f6chten oder noch nicht sicher sind, ob sie mit dem Kajakfahren beginnen wollen.<\/span><\/p>\n<p>FLUSS-PASS NICHT INKLUSIVE und muss separat gekauft werden. Um es einfacher zu machen, ist er im hier angezeigten Preis bereits eingerechnet.<\/p>\n<p>[\/et_pb_pricing_table][\/et_pb_pricing_tables][\/et_pb_column][et_pb_column type=&#8221;1_3&#8243; _builder_version=&#8221;3.19.5&#8243; parallax=&#8221;off&#8221; parallax_method=&#8221;on&#8221;][et_pb_image box_shadow_style=&#8221;preset2&#8243; src=&#8221;https:\/\/www.socabasecamp.com\/wp-content\/uploads\/2025\/06\/DSC_0057-scaled.jpg&#8221; _builder_version=&#8221;3.19.5&#8243; url=&#8221;https:\/\/www.socabasecamp.com\/de\/rafting\/&#8221;][\/et_pb_image][et_pb_pricing_tables _builder_version=&#8221;3.19.5&#8243;][et_pb_pricing_table title=&#8221;Wildwasser-Rafting&#8221; subtitle=&#8221;Erlebe die wilde So\u010da ganz ohne Vorkenntnisse.&#8221; currency=&#8221;\u20ac&#8221; sum=&#8221;74&#8243; _builder_version=&#8221;3.19.5&#8243; button_text=&#8221;Hier reservieren&#8221; button_url=&#8221;https:\/\/www.socabasecamp.com\/de\/rafting\/&#8221; link_option_url=&#8221;https:\/\/www.socabasecamp.com\/rafting\/&#8221;]<\/p>\n<p><span>Wir nehmen dich mit auf den smaragdgr\u00fcnen Fluss und seine Stromschnellen.<br \/>\nGro\u00dfes blaues Boot, schnelles Wasser, jede Menge Spa\u00df!<br \/>\nKeine Vorkenntnisse erforderlich. Erlebe die So\u010da wie noch nie zuvor!<\/span><\/p>\n<p>FLUSS-PASS NICHT INKLUSIVE und muss separat gekauft werden. Um es einfacher zu machen, ist er im hier angezeigten Preis bereits eingerechnet.<\/p>\n<p>[\/et_pb_pricing_table][\/et_pb_pricing_tables][\/et_pb_column][et_pb_column type=&#8221;1_3&#8243; _builder_version=&#8221;3.19.5&#8243; parallax=&#8221;off&#8221; parallax_method=&#8221;on&#8221;][et_pb_image box_shadow_style=&#8221;preset2&#8243; src=&#8221;https:\/\/www.socabasecamp.com\/wp-content\/uploads\/2022\/06\/imgp9108g3r.jpg&#8221; _builder_version=&#8221;3.19.5&#8243; url=&#8221;https:\/\/www.socabasecamp.com\/de\/kajak-tandem\/&#8221; border_color_all=&#8221;#26910e&#8221;][\/et_pb_image][et_pb_pricing_tables _builder_version=&#8221;3.19.5&#8243;][et_pb_pricing_table title=&#8221;Tandem-\u00dcberlandflug&#8221; subtitle=&#8221;Flieg wie ein Adler, hoch \u00fcber dem So\u010da-Tal.&#8221; currency=&#8221;\u20ac&#8221; sum=&#8221;190&#8243; _builder_version=&#8221;3.19.5&#8243; button_text=&#8221;Hier reservieren&#8221; button_url=&#8221;https:\/\/app.paragliding.si\/booking&#8221; link_option_url=&#8221;https:\/\/app.paragliding.si\/xc&#8221;]<\/p>\n<p>Dieser atemberaubende Streckenflug beginnt am Startplatz Kobala oberhalb von Tolmin.<br \/>\nWir empfehlen diesen Flug allen, die die Leidenschaft des Streckenfliegens im Gleitschirm erleben m\u00f6chten.<br \/>\nDer Flug f\u00fchrt uns \u00fcber das So\u010da-Tal zu den h\u00f6chsten Gipfeln der Region.<\/p>\n<p>[\/et_pb_pricing_table][et_pb_pricing_table title=&#8221;Tandem-Thermikflug&#8221; subtitle=&#8221;Mit der Nutzung von Thermikaufwinden k\u00f6nnen wir h\u00f6her fliegen als unser Startpunkt.&#8221; currency=&#8221;\u20ac&#8221; sum=&#8221;150&#8243; _builder_version=&#8221;3.19.5&#8243; button_text=&#8221;Hier reservieren&#8221; button_url=&#8221;https:\/\/app.paragliding.si\/booking&#8221; link_option_url=&#8221;https:\/\/app.paragliding.si\/thermal&#8221;]<\/p>\n<p>Der Thermik-Tandemflug vom Startplatz Kobala ist der beliebteste Tandemflug in unserem Angebot.<br \/>\nDas fantastische Gef\u00fchl entsteht durch das Thermikfliegen und das atemberaubende Panorama hoch \u00fcber dem majest\u00e4tischen Fluss So\u010da, umgeben von den Julischen Alpen.<\/p>\n<p>[\/et_pb_pricing_table][et_pb_pricing_table title=&#8221;Tandem-Panoramaflug&#8221; subtitle=&#8221;Sch\u00f6ner Flug vom Berg ins Tal.&#8221; currency=&#8221;\u20ac&#8221; sum=&#8221;120&#8243; _builder_version=&#8221;3.19.5&#8243; button_text=&#8221;Hier reservieren&#8221; button_url=&#8221;https:\/\/app.paragliding.si\/booking&#8221; link_option_url=&#8221;https:\/\/app.paragliding.si\/discovery&#8221;]<\/p>\n<p>Gleitschirmfliegen stammt urspr\u00fcnglich vom Fallschirmspringen ab. Bei idealen Wetterbedingungen macht es riesigen Spa\u00df.<br \/>\nDie Passagiere sitzen bequem im Gurtzeug vor dem Piloten und genie\u00dfen das volle Flugerlebnis.<br \/>\nEin Morgen- oder Abendflug hinunter ins Tal dauert 15\u201320 Minuten.<br \/>\nDie ruhigen Bedingungen f\u00fcr einen sanften Gleitflug durch das So\u010da-Tal werden dich garantiert nicht kalt lassen!<\/p>\n<p>[\/et_pb_pricing_table][\/et_pb_pricing_tables][\/et_pb_column][\/et_pb_row][\/et_pb_section][et_pb_section fb_built=&#8221;1&#8243; _builder_version=&#8221;3.17.6&#8243; background_color=&#8221;#393d42&#8243; custom_padding=&#8221;15px|0px|54px|0px|false|false&#8221;][et_pb_row custom_padding=&#8221;136px|0px|27px|0px|false|false&#8221; _builder_version=&#8221;3.17.6&#8243;][et_pb_column type=&#8221;4_4&#8243; _builder_version=&#8221;3.17.6&#8243; parallax=&#8221;off&#8221; parallax_method=&#8221;on&#8221;][et_pb_divider color=&#8221;#393d42&#8243; divider_weight=&#8221;40px&#8221; _builder_version=&#8221;3.17.6&#8243;][\/et_pb_divider][et_pb_text _builder_version=&#8221;3.3.1&#8243; text_font=&#8221;||||||||&#8221; text_font_size=&#8221;16px&#8221; text_line_height=&#8221;2em&#8221; ul_font=&#8221;||||||||&#8221; header_font=&#8221;||||||||&#8221; header_2_font=&#8221;Roboto|700|||||||&#8221; header_2_font_size=&#8221;45px&#8221; header_2_font_size_tablet=&#8221;35px&#8221; header_2_font_size_phone=&#8221;28px&#8221; header_2_font_size_last_edited=&#8221;on|phone&#8221; header_2_line_height=&#8221;1.2em&#8221; header_3_font=&#8221;||||||||&#8221; text_orientation=&#8221;center&#8221; max_width=&#8221;800px&#8221; max_width_last_edited=&#8221;off|desktop&#8221; module_alignment=&#8221;center&#8221; custom_margin=&#8221;|||&#8221; custom_margin_tablet=&#8221;|115px||&#8221; custom_margin_phone=&#8221;|-100px||&#8221; custom_margin_last_edited=&#8221;off|desktop&#8221; custom_padding=&#8221;|||&#8221;]<\/p>\n<h2><span style=\"color: #ffffff;\">How to find us?<\/span><\/h2>\n<p><span style=\"color: #dddddd;\">Easy, we based out of <\/span><a href=\"https:\/\/www.camp-gabrje.com\/\">camp Gabrje.<\/a> <span style=\"color: #dddddd;\">But to help you out a little bit here is a map with our location. Otherwise our address is&nbsp;<span style=\"text-decoration: underline;\">5220 Gabrje, Slovenija<\/span>, or&nbsp;<span style=\"text-decoration: underline;\">5MWW+X6 Gabrje, Tolmin, Slovenija<\/span> for those of you who use code plus<\/span><\/p>\n<p>[\/et_pb_text][\/et_pb_column][\/et_pb_row][\/et_pb_section][et_pb_section fb_built=&#8221;1&#8243; fullwidth=&#8221;on&#8221; _builder_version=&#8221;3.17.6&#8243; background_color=&#8221;#393d42&#8243; background__hover_enabled=&#8221;on&#8221;][\/et_pb_section][et_pb_section fb_built=&#8221;1&#8243; _builder_version=&#8221;3.17.6&#8243; background_color=&#8221;#393d42&#8243; custom_padding=&#8221;64px|0px|80px|0px|false|false&#8221;][\/et_pb_section]<\/p>\n","protected":false},"excerpt":{"rendered":"<p>[et_pb_section fb_built=&#8221;1&#8243; custom_padding_last_edited=&#8221;on|phone&#8221; admin_label=&#8221;Header&#8221; _builder_version=&#8221;3.19.5&#8243; use_background_color_gradient=&#8221;on&#8221; background_color_gradient_start=&#8221;#0c71c3&#8243; background_color_gradient_end=&#8221;rgba(52,53,61,0.98)&#8221; background_color_gradient_type=&#8221;radial&#8221; background_color_gradient_start_position=&#8221;25%&#8221; background_image=&#8221;https:\/\/www.socabasecamp.com\/wp-content\/uploads\/2022\/06\/DJI_0658-scaled.jpg&#8221; parallax=&#8221;on&#8221; box_shadow_style=&#8221;preset2&#8243; max_width_phone=&#8221;100%&#8221; max_width_last_edited=&#8221;on|phone&#8221; custom_padding=&#8221;0||0||true|false&#8221; custom_padding_tablet=&#8221;31px||31px||true|false&#8221; custom_padding_phone=&#8221;17px||17px|0px|true|false&#8221; filter_contrast=&#8221;73%&#8221; bottom_divider_height=&#8221;250px&#8221; bottom_divider_flip=&#8221;horizontal&#8221; bottom_divider_height_tablet=&#8221;150px&#8221; bottom_divider_height_phone=&#8221;110px&#8221; bottom_divider_height_last_edited=&#8221;on|phone&#8221; animation_style=&#8221;fade&#8221; hover_transition_speed_curve=&#8221;ease-in&#8221; saved_tabs=&#8221;all&#8221;][et_pb_row custom_padding=&#8221;264px|0px|230px|0px|false|false&#8221; _builder_version=&#8221;3.2.1&#8243;][et_pb_column type=&#8221;4_4&#8243; _builder_version=&#8221;3.0.47&#8243; parallax=&#8221;off&#8221; parallax_method=&#8221;on&#8221;][et_pb_text _builder_version=&#8221;3.3.1&#8243; text_font=&#8221;Roboto||||||||&#8221; text_font_size=&#8221;16px&#8221; text_font_size_last_edited=&#8221;off|desktop&#8221; text_line_height=&#8221;1.8em&#8221; header_font=&#8221;Roboto|700|||||||&#8221; header_text_align=&#8221;center&#8221; header_font_size=&#8221;80px&#8221; header_font_size_tablet=&#8221;40px&#8221; header_font_size_phone=&#8221;32px&#8221; header_font_size_last_edited=&#8221;on|phone&#8221; header_line_height=&#8221;1.2em&#8221; header_3_font=&#8221;Roboto|700||on|||||&#8221; header_3_text_align=&#8221;center&#8221; header_3_text_color=&#8221;#ffffff&#8221; header_3_font_size=&#8221;24px&#8221; header_3_font_size_tablet=&#8221;16px&#8221; header_3_font_size_phone=&#8221;14px&#8221; header_3_font_size_last_edited=&#8221;on|phone&#8221; header_3_letter_spacing=&#8221;10px&#8221; header_3_letter_spacing_tablet=&#8221;5px&#8221; header_3_letter_spacing_last_edited=&#8221;on|tablet&#8221; [&hellip;]<\/p>\n","protected":false},"author":1,"featured_media":0,"parent":0,"menu_order":0,"comment_status":"closed","ping_status":"closed","template":"","meta":{"_et_pb_use_builder":"on","_et_pb_old_content":"","footnotes":""},"class_list":["post-1106","page","type-page","status-publish","hentry"],"_links":{"self":[{"href":"https:\/\/www.socabasecamp.com\/de\/wp-json\/wp\/v2\/pages\/1106\/"}],"collection":[{"href":"https:\/\/www.socabasecamp.com\/de\/wp-json\/wp\/v2\/pages\/"}],"about":[{"href":"https:\/\/www.socabasecamp.com\/de\/wp-json\/wp\/v2\/types\/page\/"}],"author":[{"embeddable":true,"href":"https:\/\/www.socabasecamp.com\/de\/wp-json\/wp\/v2\/users\/1\/"}],"replies":[{"embeddable":true,"href":"https:\/\/www.socabasecamp.com\/de\/wp-json\/wp\/v2\/comments\/?post=1106"}],"version-history":[{"count":1,"href":"https:\/\/www.socabasecamp.com\/de\/wp-json\/wp\/v2\/pages\/1106\/revisions\/"}],"predecessor-version":[{"id":1107,"href":"https:\/\/www.socabasecamp.com\/de\/wp-json\/wp\/v2\/pages\/1106\/revisions\/1107\/"}],"wp:attachment":[{"href":"https:\/\/www.socabasecamp.com\/de\/wp-json\/wp\/v2\/media\/?parent=1106"}],"curies":[{"name":"wp","href":"https:\/\/api.w.org\/{rel}","templated":true}]}}