{"id":929,"date":"2022-06-22T21:01:20","date_gmt":"2022-06-22T19:01:20","guid":{"rendered":"https:\/\/www.socabasecamp.com\/kontakt-2\/"},"modified":"2023-05-11T16:38:24","modified_gmt":"2023-05-11T14:38:24","slug":"kontakt-2","status":"publish","type":"page","link":"https:\/\/www.socabasecamp.com\/de\/kontakt-2\/","title":{"rendered":"Kontakt"},"content":{"rendered":"<p>[et_pb_section fb_built=&#8221;1&#8243; fullwidth=&#8221;on&#8221; admin_label=&#8221;Page Header&#8221; _builder_version=&#8221;3.18.2&#8243; background_image=&#8221;http:\/\/sasa.dibikibi.si\/wp-content\/uploads\/2018\/11\/neleti-4.jpg&#8221; parallax=&#8221;on&#8221; max_width_last_edited=&#8221;on|phone&#8221; custom_padding=&#8221;0px|0px|0|0px|false|false&#8221; animation_direction=&#8221;top&#8221;][et_pb_fullwidth_header title=&#8221;Gestalten Sie Ihr eigenes Abenteuer&#8221; text_orientation=&#8221;center&#8221; scroll_down_icon_size=&#8221;48px&#8221; admin_label=&#8221;Hero Section&#8221; _builder_version=&#8221;3.18.2&#8243; title_font=&#8221;Montserrat|on|||&#8221; title_font_size=&#8221;60px&#8221; title_font_size_phone=&#8221;48px&#8221; title_font_size_last_edited=&#8221;on|phone&#8221; title_line_height=&#8221;1.4em&#8221; content_font_size=&#8221;22px&#8221; content_line_height=&#8221;1.8em&#8221; subhead_font=&#8221;||||&#8221; background_color=&#8221;rgba(255,255,255,0)&#8221; use_background_color_gradient=&#8221;on&#8221; background_color_gradient_start=&#8221;#007777&#8243; background_color_gradient_end=&#8221;rgba(0,47,68,0.7)&#8221; custom_button_two=&#8221;on&#8221; button_two_text_size=&#8221;16px&#8221; button_two_border_width=&#8221;2px&#8221; button_two_border_color=&#8221;#ffffff&#8221; button_two_border_radius=&#8221;0&#8243; button_two_letter_spacing=&#8221;2&#8243; button_two_font=&#8221;Montserrat|||on|&#8221; button_two_use_icon=&#8221;off&#8221; custom_button_one=&#8221;on&#8221; button_one_text_size=&#8221;16px&#8221; button_one_bg_color=&#8221;#6eba01&#8243; button_one_border_width=&#8221;2px&#8221; button_one_border_color=&#8221;#6eba01&#8243; button_one_border_radius=&#8221;0&#8243; button_one_letter_spacing=&#8221;2&#8243; button_one_font=&#8221;Montserrat|||on|&#8221; button_one_use_icon=&#8221;off&#8221; module_alignment=&#8221;left&#8221; animation_style=&#8221;fade&#8221; button_one_text_color_hover=&#8221;#6eba01&#8243; button_two_text_color_hover=&#8221;#6eba01&#8243; button_one_border_color_hover=&#8221;#ffffff&#8221; button_two_border_color_hover=&#8221;#ffffff&#8221; button_one_border_radius_hover=&#8221;0&#8243; button_two_border_radius_hover=&#8221;0&#8243; button_one_letter_spacing_hover=&#8221;2&#8243; button_two_letter_spacing_hover=&#8221;2&#8243; button_one_bg_color_hover=&#8221;#ffffff&#8221; button_two_bg_color_hover=&#8221;#ffffff&#8221; button_one_text_size__hover_enabled=&#8221;off&#8221; button_two_text_size__hover_enabled=&#8221;off&#8221; button_one_text_color__hover_enabled=&#8221;on&#8221; button_one_text_color__hover=&#8221;#6eba01&#8243; button_two_text_color__hover_enabled=&#8221;on&#8221; button_two_text_color__hover=&#8221;#6eba01&#8243; button_one_border_width__hover_enabled=&#8221;off&#8221; button_two_border_width__hover_enabled=&#8221;off&#8221; button_one_border_color__hover_enabled=&#8221;on&#8221; button_one_border_color__hover=&#8221;#ffffff&#8221; button_two_border_color__hover_enabled=&#8221;on&#8221; button_two_border_color__hover=&#8221;#ffffff&#8221; button_one_border_radius__hover_enabled=&#8221;on&#8221; button_one_border_radius__hover=&#8221;0&#8243; button_two_border_radius__hover_enabled=&#8221;on&#8221; button_two_border_radius__hover=&#8221;0&#8243; button_one_letter_spacing__hover_enabled=&#8221;on&#8221; button_one_letter_spacing__hover=&#8221;2&#8243; button_two_letter_spacing__hover_enabled=&#8221;on&#8221; button_two_letter_spacing__hover=&#8221;2&#8243; button_one_bg_color__hover_enabled=&#8221;on&#8221; button_one_bg_color__hover=&#8221;#ffffff&#8221; button_two_bg_color__hover_enabled=&#8221;on&#8221; button_two_bg_color__hover=&#8221;#ffffff&#8221;]Kontaktieren Sie uns und gemeinsam k\u00f6nnen wir Ihr Erlebnis einzigartig machen.<\/p>\n<p>&nbsp;<\/p>\n<p>&nbsp;<span style=\"font-size: 22px;\">&nbsp;<\/span>[\/et_pb_fullwidth_header][\/et_pb_section][et_pb_section fb_built=&#8221;1&#8243; _builder_version=&#8221;3.19.5&#8243;][et_pb_row _builder_version=&#8221;3.19.5&#8243; custom_padding=&#8221;27px|0px|60px|0px|false|false&#8221;][et_pb_column type=&#8221;4_4&#8243; _builder_version=&#8221;3.19.5&#8243; parallax=&#8221;off&#8221; parallax_method=&#8221;on&#8221;][et_pb_code _builder_version=&#8221;3.19.5&#8243;]<product-catalog-widget styles-template-id=\"product-catalog-widget-styles\" customer-code=\"SO36\" locale=\"en_US\"><\/product-catalog-widget><script type=\"text\/javascript\" src=\"https:\/\/widgets.regiondo.net\/catalog\/v1\/catalog-widget.min.js\"><\/script>[\/et_pb_code][\/et_pb_column][\/et_pb_row][\/et_pb_section][et_pb_section fb_built=&#8221;1&#8243; admin_label=&#8221;Contact Info&#8221; _builder_version=&#8221;3.17.6&#8243; background_color=&#8221;#393d42&#8243; custom_padding=&#8221;0||90px||false|false&#8221; locked=&#8221;off&#8221;][et_pb_row custom_width_px=&#8221;710px&#8221; custom_padding=&#8221;47px|0px|27px|0px|false|false&#8221; background_position_1=&#8221;top_left&#8221; background_repeat_1=&#8221;no-repeat&#8221; _builder_version=&#8221;3.0.65&#8243;][et_pb_column type=&#8221;4_4&#8243; _builder_version=&#8221;3.0.47&#8243; parallax=&#8221;off&#8221; parallax_method=&#8221;on&#8221; background_position=&#8221;top_left&#8221; background_repeat=&#8221;no-repeat&#8221;][et_pb_divider color=&#8221;#06998c&#8221; divider_weight=&#8221;3px&#8221; height=&#8221;5px&#8221; disabled_on=&#8221;off|off|off&#8221; _builder_version=&#8221;3.18.2&#8243; background_color_gradient_direction=&#8221;90deg&#8221; max_width=&#8221;100px&#8221; module_alignment=&#8221;center&#8221; custom_margin=&#8221;||20px|&#8221; custom_padding=&#8221;||20px|&#8221; animation_style=&#8221;slide&#8221; animation_direction=&#8221;bottom&#8221; saved_tabs=&#8221;all&#8221; locked=&#8221;off&#8221;][\/et_pb_divider][et_pb_text admin_label=&#8221;Contact Section Title&#8221; _builder_version=&#8221;3.17.6&#8243; text_font=&#8221;||||||||&#8221; text_text_color=&#8221;#ffffff&#8221; header_font=&#8221;Montserrat||||&#8221; header_text_color=&#8221;#1f1f1f&#8221; header_font_size=&#8221;36px&#8221; text_orientation=&#8221;center&#8221; max_width=&#8221;710px&#8221; module_alignment=&#8221;center&#8221; animation_style=&#8221;fold&#8221; animation_direction=&#8221;bottom&#8221; animation_intensity_fold=&#8221;20%&#8221;]<\/p>\n<h1><span style=\"color: #ffffff;\">Erreiche uns<\/span><\/h1>\n<p>[\/et_pb_text][et_pb_text admin_label=&#8221;Contact Section Subtitle&#8221; _builder_version=&#8221;3.17.6&#8243; text_font=&#8221;||||||||&#8221; text_text_color=&#8221;#969696&#8243; text_font_size=&#8221;16px&#8221; text_line_height=&#8221;1.9em&#8221; text_orientation=&#8221;center&#8221; max_width=&#8221;710px&#8221; module_alignment=&#8221;center&#8221; animation_style=&#8221;fold&#8221; animation_direction=&#8221;bottom&#8221; animation_intensity_fold=&#8221;20%&#8221;]Wir reservieren einen Platz f\u00fcr Sie. Gerne beantworten wir jegliche Fragen und W\u00fcnsche. Sie erreichen uns indem Sie einfach in das K\u00e4stchen unten auf der Seite schreiben, uns anrufen, via Email oder an Ort und Stelle.[\/et_pb_text][\/et_pb_column][\/et_pb_row][et_pb_row custom_padding=&#8221;80px|||&#8221; background_position_1=&#8221;top_left&#8221; background_position_2=&#8221;top_left&#8221; background_position_3=&#8221;top_left&#8221; background_repeat_1=&#8221;no-repeat&#8221; background_repeat_2=&#8221;no-repeat&#8221; background_repeat_3=&#8221;no-repeat&#8221; _builder_version=&#8221;3.0.65&#8243; background_size=&#8221;initial&#8221; background_position=&#8221;top_left&#8221; background_repeat=&#8221;repeat&#8221; locked=&#8221;off&#8221;][et_pb_column type=&#8221;1_3&#8243; _builder_version=&#8221;3.0.47&#8243; parallax=&#8221;off&#8221; parallax_method=&#8221;on&#8221; background_position=&#8221;top_left&#8221; background_repeat=&#8221;no-repeat&#8221;][et_pb_blurb title=&#8221;Anschrift&#8221; use_icon=&#8221;on&#8221; font_icon=&#8221;%%249%%&#8221; icon_color=&#8221;#007777&#8243; use_icon_font_size=&#8221;on&#8221; icon_font_size=&#8221;60px&#8221; icon_font_size_last_edited=&#8221;off|desktop&#8221; admin_label=&#8221;Address&#8221; _builder_version=&#8221;3.18.2&#8243; header_font=&#8221;Montserrat||||&#8221; header_text_color=&#8221;#ffffff&#8221; header_font_size=&#8221;22px&#8221; header_line_height=&#8221;1.8em&#8221; body_font=&#8221;||||||||&#8221; body_text_color=&#8221;#969696&#8243; body_font_size=&#8221;16px&#8221; body_line_height=&#8221;1.9em&#8221; border_width_all=&#8221;0px&#8221; border_color_all=&#8221;#e0e0e0&#8243; border_style_all=&#8221;solid&#8221; text_orientation=&#8221;center&#8221; custom_margin=&#8221;|||&#8221; custom_padding=&#8221;30px|30px|30px|30px&#8221; animation_style=&#8221;fold&#8221; animation_direction=&#8221;bottom&#8221; animation_intensity_fold=&#8221;30%&#8221; use_border_color=&#8221;on&#8221; border_color=&#8221;#e0e0e0&#8243; locked=&#8221;off&#8221;]Camp Gabrje,<br \/>\nTolmin<br \/>\n5220[\/et_pb_blurb][\/et_pb_column][et_pb_column type=&#8221;1_3&#8243; _builder_version=&#8221;3.0.47&#8243; parallax=&#8221;off&#8221; parallax_method=&#8221;on&#8221; background_position=&#8221;top_left&#8221; background_repeat=&#8221;no-repeat&#8221;][et_pb_blurb title=&#8221;Telefon&#8221; use_icon=&#8221;on&#8221; font_icon=&#8221;%%104%%&#8221; icon_color=&#8221;#06998c&#8221; use_icon_font_size=&#8221;on&#8221; icon_font_size=&#8221;60px&#8221; icon_font_size_last_edited=&#8221;off|desktop&#8221; _builder_version=&#8221;3.18.2&#8243; header_font=&#8221;Montserrat||||&#8221; header_text_color=&#8221;#ffffff&#8221; header_font_size=&#8221;22px&#8221; header_line_height=&#8221;1.8em&#8221; body_font=&#8221;||||||||&#8221; body_text_color=&#8221;#969696&#8243; body_font_size=&#8221;16px&#8221; body_line_height=&#8221;1.9em&#8221; border_width_all=&#8221;0px&#8221; border_color_all=&#8221;#e0e0e0&#8243; border_style_all=&#8221;solid&#8221; text_orientation=&#8221;center&#8221; custom_margin=&#8221;|||&#8221; custom_padding=&#8221;30px|30px|30px|30px&#8221; animation_style=&#8221;fold&#8221; animation_direction=&#8221;bottom&#8221; animation_delay=&#8221;100ms&#8221; animation_intensity_fold=&#8221;30%&#8221; use_border_color=&#8221;on&#8221; border_color=&#8221;#e0e0e0&#8243; locked=&#8221;off&#8221;]+386 31 282 480<br \/>\n<span style=\"font-size: 16px;\">&nbsp;<\/span>[\/et_pb_blurb][\/et_pb_column][et_pb_column type=&#8221;1_3&#8243; _builder_version=&#8221;3.0.47&#8243; parallax=&#8221;off&#8221; parallax_method=&#8221;on&#8221; background_position=&#8221;top_left&#8221; background_repeat=&#8221;no-repeat&#8221;][et_pb_blurb title=&#8221;Email&#8221; use_icon=&#8221;on&#8221; font_icon=&#8221;%%238%%&#8221; icon_color=&#8221;#007777&#8243; content_max_width=&#8221;626px&#8221; use_icon_font_size=&#8221;on&#8221; icon_font_size=&#8221;60px&#8221; icon_font_size_last_edited=&#8221;off|desktop&#8221; admin_label=&#8221;Email&#8221; _builder_version=&#8221;3.19.5&#8243; header_font=&#8221;Montserrat||||&#8221; header_text_color=&#8221;#ffffff&#8221; header_font_size=&#8221;22px&#8221; header_line_height=&#8221;1.8em&#8221; body_font=&#8221;||||||||&#8221; body_text_color=&#8221;#969696&#8243; body_font_size=&#8221;16px&#8221; body_line_height=&#8221;1.9em&#8221; border_width_all=&#8221;0px&#8221; border_color_all=&#8221;#e0e0e0&#8243; border_style_all=&#8221;solid&#8221; text_orientation=&#8221;center&#8221; max_width=&#8221;97%&#8221; custom_margin=&#8221;|||&#8221; custom_padding=&#8221;30px|30px|30px|30px&#8221; animation_style=&#8221;fold&#8221; animation_direction=&#8221;bottom&#8221; animation_delay=&#8221;200ms&#8221; animation_intensity_fold=&#8221;30%&#8221; use_border_color=&#8221;on&#8221; border_color=&#8221;#e0e0e0&#8243; locked=&#8221;off&#8221;]socabasecamp@gmail.com[\/et_pb_blurb][\/et_pb_column][\/et_pb_row][\/et_pb_section]<\/p>\n","protected":false},"excerpt":{"rendered":"<p>[et_pb_section fb_built=&#8221;1&#8243; fullwidth=&#8221;on&#8221; admin_label=&#8221;Page Header&#8221; _builder_version=&#8221;3.18.2&#8243; background_image=&#8221;http:\/\/sasa.dibikibi.si\/wp-content\/uploads\/2018\/11\/neleti-4.jpg&#8221; parallax=&#8221;on&#8221; max_width_last_edited=&#8221;on|phone&#8221; custom_padding=&#8221;0px|0px|0|0px|false|false&#8221; animation_direction=&#8221;top&#8221;][et_pb_fullwidth_header title=&#8221;Gestalten Sie Ihr eigenes Abenteuer&#8221; text_orientation=&#8221;center&#8221; scroll_down_icon_size=&#8221;48px&#8221; admin_label=&#8221;Hero Section&#8221; _builder_version=&#8221;3.18.2&#8243; title_font=&#8221;Montserrat|on|||&#8221; title_font_size=&#8221;60px&#8221; title_font_size_phone=&#8221;48px&#8221; title_font_size_last_edited=&#8221;on|phone&#8221; title_line_height=&#8221;1.4em&#8221; content_font_size=&#8221;22px&#8221; content_line_height=&#8221;1.8em&#8221; subhead_font=&#8221;||||&#8221; background_color=&#8221;rgba(255,255,255,0)&#8221; use_background_color_gradient=&#8221;on&#8221; background_color_gradient_start=&#8221;#007777&#8243; background_color_gradient_end=&#8221;rgba(0,47,68,0.7)&#8221; custom_button_two=&#8221;on&#8221; button_two_text_size=&#8221;16px&#8221; button_two_border_width=&#8221;2px&#8221; button_two_border_color=&#8221;#ffffff&#8221; button_two_border_radius=&#8221;0&#8243; button_two_letter_spacing=&#8221;2&#8243; button_two_font=&#8221;Montserrat|||on|&#8221; button_two_use_icon=&#8221;off&#8221; custom_button_one=&#8221;on&#8221; button_one_text_size=&#8221;16px&#8221; button_one_bg_color=&#8221;#6eba01&#8243; button_one_border_width=&#8221;2px&#8221; button_one_border_color=&#8221;#6eba01&#8243; button_one_border_radius=&#8221;0&#8243; button_one_letter_spacing=&#8221;2&#8243; button_one_font=&#8221;Montserrat|||on|&#8221; button_one_use_icon=&#8221;off&#8221; module_alignment=&#8221;left&#8221; animation_style=&#8221;fade&#8221; button_one_text_color_hover=&#8221;#6eba01&#8243; button_two_text_color_hover=&#8221;#6eba01&#8243; button_one_border_color_hover=&#8221;#ffffff&#8221; [&hellip;]<\/p>\n","protected":false},"author":1,"featured_media":0,"parent":0,"menu_order":0,"comment_status":"closed","ping_status":"closed","template":"","meta":{"_et_pb_use_builder":"on","_et_pb_old_content":"","footnotes":""},"class_list":["post-929","page","type-page","status-publish","hentry"],"_links":{"self":[{"href":"https:\/\/www.socabasecamp.com\/de\/wp-json\/wp\/v2\/pages\/929\/"}],"collection":[{"href":"https:\/\/www.socabasecamp.com\/de\/wp-json\/wp\/v2\/pages\/"}],"about":[{"href":"https:\/\/www.socabasecamp.com\/de\/wp-json\/wp\/v2\/types\/page\/"}],"author":[{"embeddable":true,"href":"https:\/\/www.socabasecamp.com\/de\/wp-json\/wp\/v2\/users\/1\/"}],"replies":[{"embeddable":true,"href":"https:\/\/www.socabasecamp.com\/de\/wp-json\/wp\/v2\/comments\/?post=929"}],"version-history":[{"count":4,"href":"https:\/\/www.socabasecamp.com\/de\/wp-json\/wp\/v2\/pages\/929\/revisions\/"}],"predecessor-version":[{"id":1006,"href":"https:\/\/www.socabasecamp.com\/de\/wp-json\/wp\/v2\/pages\/929\/revisions\/1006\/"}],"wp:attachment":[{"href":"https:\/\/www.socabasecamp.com\/de\/wp-json\/wp\/v2\/media\/?parent=929"}],"curies":[{"name":"wp","href":"https:\/\/api.w.org\/{rel}","templated":true}]}}