{"id":389,"date":"2019-02-17T06:11:32","date_gmt":"2019-02-17T05:11:32","guid":{"rendered":"http:\/\/sasa.dibikibi.si\/rafting\/"},"modified":"2023-05-11T16:33:43","modified_gmt":"2023-05-11T14:33:43","slug":"rafting","status":"publish","type":"page","link":"https:\/\/www.socabasecamp.com\/sl\/rafting\/","title":{"rendered":"Rafting"},"content":{"rendered":"<p>[et_pb_section fb_built=&#8221;1&#8243; custom_padding_last_edited=&#8221;on|desktop&#8221; admin_label=&#8221;Header&#8221; _builder_version=&#8221;3.19.5&#8243; use_background_color_gradient=&#8221;on&#8221; background_color_gradient_start=&#8221;#0c71c3&#8243; background_color_gradient_end=&#8221;rgba(52,53,61,0.98)&#8221; background_color_gradient_type=&#8221;radial&#8221; background_color_gradient_start_position=&#8221;25%&#8221; background_image=&#8221;https:\/\/www.socabasecamp.com\/wp-content\/uploads\/2019\/06\/raft-2.jpg&#8221; background_position=&#8221;top_right&#8221; box_shadow_style=&#8221;preset2&#8243; custom_padding=&#8221;10vw||10vw||true|false&#8221; custom_padding_tablet=&#8221;100px||100px||true&#8221; custom_padding_phone=&#8221;||||true&#8221; filter_contrast=&#8221;73%&#8221; bottom_divider_height=&#8221;250px&#8221; bottom_divider_flip=&#8221;horizontal&#8221; bottom_divider_height_tablet=&#8221;150px&#8221; bottom_divider_height_phone=&#8221;110px&#8221; bottom_divider_height_last_edited=&#8221;on|phone&#8221; animation_style=&#8221;fade&#8221; saved_tabs=&#8221;all&#8221;][et_pb_row _builder_version=&#8221;3.2.1&#8243;][et_pb_column type=&#8221;4_4&#8243; _builder_version=&#8221;3.0.47&#8243; parallax=&#8221;off&#8221; parallax_method=&#8221;on&#8221;][et_pb_text _builder_version=&#8221;3.3.1&#8243; text_font=&#8221;Roboto||||||||&#8221; text_font_size=&#8221;16px&#8221; text_font_size_last_edited=&#8221;off|desktop&#8221; text_line_height=&#8221;1.8em&#8221; header_font=&#8221;Roboto|700|||||||&#8221; header_text_align=&#8221;center&#8221; header_font_size=&#8221;80px&#8221; header_font_size_tablet=&#8221;40px&#8221; header_font_size_phone=&#8221;32px&#8221; header_font_size_last_edited=&#8221;on|phone&#8221; header_line_height=&#8221;1.2em&#8221; header_3_font=&#8221;Roboto|700||on|||||&#8221; header_3_text_align=&#8221;center&#8221; header_3_text_color=&#8221;#ffffff&#8221; header_3_font_size=&#8221;24px&#8221; header_3_font_size_tablet=&#8221;16px&#8221; header_3_font_size_phone=&#8221;14px&#8221; header_3_font_size_last_edited=&#8221;on|phone&#8221; header_3_letter_spacing=&#8221;10px&#8221; header_3_letter_spacing_tablet=&#8221;5px&#8221; header_3_letter_spacing_last_edited=&#8221;on|tablet&#8221; header_3_line_height=&#8221;2em&#8221; text_orientation=&#8221;center&#8221; background_layout=&#8221;dark&#8221; module_alignment=&#8221;center&#8221;]<\/p>\n<h3>So\u0161ki<\/h3>\n<h1>Rafting<\/h1>\n<p>[\/et_pb_text][et_pb_text _builder_version=&#8221;3.3.1&#8243; text_font=&#8221;||||||||&#8221; text_font_size=&#8221;20px&#8221; text_font_size_last_edited=&#8221;off|desktop&#8221; text_line_height=&#8221;2em&#8221; ul_font=&#8221;||||||||&#8221; header_font=&#8221;Roboto|700|||||||&#8221; header_text_align=&#8221;center&#8221; header_font_size=&#8221;80px&#8221; header_font_size_tablet=&#8221;40px&#8221; header_font_size_phone=&#8221;32px&#8221; header_font_size_last_edited=&#8221;on|phone&#8221; header_line_height=&#8221;1.2em&#8221; header_3_font=&#8221;Roboto|700||on|||||&#8221; header_3_text_align=&#8221;center&#8221; header_3_text_color=&#8221;#ffffff&#8221; header_3_font_size=&#8221;24px&#8221; header_3_font_size_tablet=&#8221;16px&#8221; header_3_font_size_phone=&#8221;14px&#8221; header_3_font_size_last_edited=&#8221;on|phone&#8221; header_3_letter_spacing=&#8221;10px&#8221; header_3_letter_spacing_tablet=&#8221;5px&#8221; header_3_letter_spacing_last_edited=&#8221;on|tablet&#8221; header_3_line_height=&#8221;2em&#8221; text_orientation=&#8221;center&#8221; background_layout=&#8221;dark&#8221; max_width=&#8221;800px&#8221; module_alignment=&#8221;center&#8221;]<\/p>\n<p>Hiter in zabaven na\u010din, kako videti brzice na\u0161e najlep\u0161e reke.<\/p>\n<p>[\/et_pb_text][et_pb_button button_url=&#8221;https:\/\/www.socabasecamp.com\/sl\/kontakt-2\/&#8221; button_text=&#8221;Rezervirajte zdaj&#8221; button_alignment=&#8221;center&#8221; _builder_version=&#8221;3.19.5&#8243; custom_button=&#8221;on&#8221; button_text_size=&#8221;14px&#8221; button_text_color=&#8221;#ffffff&#8221; button_bg_use_color_gradient=&#8221;on&#8221; button_bg_color_gradient_start=&#8221;#283c3d&#8221; button_bg_color_gradient_end=&#8221;#007777&#8243; button_bg_color_gradient_direction=&#8221;90deg&#8221; button_border_width=&#8221;0px&#8221; button_border_color=&#8221;rgba(0,0,0,0)&#8221; button_border_radius=&#8221;4px&#8221; button_letter_spacing=&#8221;5px&#8221; button_font=&#8221;Roboto|700||on|||||&#8221; box_shadow_style=&#8221;preset3&#8243; box_shadow_vertical=&#8221;20px&#8221; box_shadow_blur=&#8221;30px&#8221; box_shadow_spread=&#8221;-10px&#8221; box_shadow_color=&#8221;#005e5c&#8221; background_layout=&#8221;dark&#8221; custom_margin=&#8221;|||&#8221; custom_padding=&#8221;18px|34px|18px|34px|true|true&#8221; button_letter_spacing_hover=&#8221;5.5px&#8221; locked=&#8221;off&#8221; button_text_size__hover_enabled=&#8221;off&#8221; button_one_text_size__hover_enabled=&#8221;off&#8221; button_two_text_size__hover_enabled=&#8221;off&#8221; button_text_color__hover_enabled=&#8221;off&#8221; button_one_text_color__hover_enabled=&#8221;off&#8221; button_two_text_color__hover_enabled=&#8221;off&#8221; button_border_width__hover_enabled=&#8221;off&#8221; button_one_border_width__hover_enabled=&#8221;off&#8221; button_two_border_width__hover_enabled=&#8221;off&#8221; button_border_color__hover_enabled=&#8221;off&#8221; button_one_border_color__hover_enabled=&#8221;off&#8221; button_two_border_color__hover_enabled=&#8221;off&#8221; button_border_radius__hover_enabled=&#8221;off&#8221; button_one_border_radius__hover_enabled=&#8221;off&#8221; button_two_border_radius__hover_enabled=&#8221;off&#8221; button_letter_spacing__hover_enabled=&#8221;on&#8221; button_letter_spacing__hover=&#8221;5.5px&#8221; button_one_letter_spacing__hover_enabled=&#8221;off&#8221; button_two_letter_spacing__hover_enabled=&#8221;off&#8221; button_bg_color__hover_enabled=&#8221;off&#8221; button_one_bg_color__hover_enabled=&#8221;off&#8221; button_two_bg_color__hover_enabled=&#8221;off&#8221;][\/et_pb_button][\/et_pb_column][\/et_pb_row][\/et_pb_section][et_pb_section fb_built=&#8221;1&#8243; _builder_version=&#8221;3.19.5&#8243; background_color=&#8221;#393d42&#8243; custom_padding=&#8221;54px|0px|163px|0px|false|false&#8221;][et_pb_row _builder_version=&#8221;3.19.5&#8243; custom_padding=&#8221;27px|0px|61px|0px|false|false&#8221;][et_pb_column type=&#8221;4_4&#8243; _builder_version=&#8221;3.19.5&#8243; parallax=&#8221;off&#8221; parallax_method=&#8221;on&#8221;][\/et_pb_column][\/et_pb_row][et_pb_row _builder_version=&#8221;3.19.5&#8243;][et_pb_column type=&#8221;4_4&#8243; _builder_version=&#8221;3.19.5&#8243; parallax=&#8221;off&#8221; parallax_method=&#8221;on&#8221;][et_pb_code _builder_version=&#8221;3.19.5&#8243;]<product-details-widget styles-template-id=\"product-catalog-widget-styles\" customer-code=\"SO36\" product=\"221707\" locale=\"en_US\"><\/product-details-widget><script type=\"text\/javascript\" src=\"https:\/\/widgets.regiondo.net\/product\/v1\/product-widget.min.js\"><\/script>[\/et_pb_code][et_pb_image src=&#8221;https:\/\/www.socabasecamp.com\/wp-content\/uploads\/2019\/06\/raft.jpg&#8221; _builder_version=&#8221;3.19.5&#8243; border_radii=&#8221;on|8px|8px|8px|8px&#8221; max_width=&#8221;76%&#8221; module_alignment=&#8221;center&#8221;][\/et_pb_image][\/et_pb_column][\/et_pb_row][\/et_pb_section]<\/p>\n","protected":false},"excerpt":{"rendered":"<p>[et_pb_section fb_built=&#8221;1&#8243; custom_padding_last_edited=&#8221;on|desktop&#8221; admin_label=&#8221;Header&#8221; _builder_version=&#8221;3.19.5&#8243; use_background_color_gradient=&#8221;on&#8221; background_color_gradient_start=&#8221;#0c71c3&#8243; background_color_gradient_end=&#8221;rgba(52,53,61,0.98)&#8221; background_color_gradient_type=&#8221;radial&#8221; background_color_gradient_start_position=&#8221;25%&#8221; background_image=&#8221;https:\/\/www.socabasecamp.com\/wp-content\/uploads\/2019\/06\/raft-2.jpg&#8221; background_position=&#8221;top_right&#8221; box_shadow_style=&#8221;preset2&#8243; custom_padding=&#8221;10vw||10vw||true|false&#8221; custom_padding_tablet=&#8221;100px||100px||true&#8221; custom_padding_phone=&#8221;||||true&#8221; filter_contrast=&#8221;73%&#8221; bottom_divider_height=&#8221;250px&#8221; bottom_divider_flip=&#8221;horizontal&#8221; bottom_divider_height_tablet=&#8221;150px&#8221; bottom_divider_height_phone=&#8221;110px&#8221; bottom_divider_height_last_edited=&#8221;on|phone&#8221; animation_style=&#8221;fade&#8221; saved_tabs=&#8221;all&#8221;][et_pb_row _builder_version=&#8221;3.2.1&#8243;][et_pb_column type=&#8221;4_4&#8243; _builder_version=&#8221;3.0.47&#8243; parallax=&#8221;off&#8221; parallax_method=&#8221;on&#8221;][et_pb_text _builder_version=&#8221;3.3.1&#8243; text_font=&#8221;Roboto||||||||&#8221; text_font_size=&#8221;16px&#8221; text_font_size_last_edited=&#8221;off|desktop&#8221; text_line_height=&#8221;1.8em&#8221; header_font=&#8221;Roboto|700|||||||&#8221; header_text_align=&#8221;center&#8221; header_font_size=&#8221;80px&#8221; header_font_size_tablet=&#8221;40px&#8221; header_font_size_phone=&#8221;32px&#8221; header_font_size_last_edited=&#8221;on|phone&#8221; header_line_height=&#8221;1.2em&#8221; header_3_font=&#8221;Roboto|700||on|||||&#8221; header_3_text_align=&#8221;center&#8221; header_3_text_color=&#8221;#ffffff&#8221; header_3_font_size=&#8221;24px&#8221; header_3_font_size_tablet=&#8221;16px&#8221; header_3_font_size_phone=&#8221;14px&#8221; header_3_font_size_last_edited=&#8221;on|phone&#8221; header_3_letter_spacing=&#8221;10px&#8221; header_3_letter_spacing_tablet=&#8221;5px&#8221; header_3_letter_spacing_last_edited=&#8221;on|tablet&#8221; header_3_line_height=&#8221;2em&#8221; text_orientation=&#8221;center&#8221; background_layout=&#8221;dark&#8221; module_alignment=&#8221;center&#8221;] [&hellip;]<\/p>\n","protected":false},"author":1,"featured_media":0,"parent":0,"menu_order":0,"comment_status":"closed","ping_status":"closed","template":"","meta":{"_et_pb_use_builder":"on","_et_pb_old_content":"","footnotes":""},"class_list":["post-389","page","type-page","status-publish","hentry"],"_links":{"self":[{"href":"https:\/\/www.socabasecamp.com\/sl\/wp-json\/wp\/v2\/pages\/389\/"}],"collection":[{"href":"https:\/\/www.socabasecamp.com\/sl\/wp-json\/wp\/v2\/pages\/"}],"about":[{"href":"https:\/\/www.socabasecamp.com\/sl\/wp-json\/wp\/v2\/types\/page\/"}],"author":[{"embeddable":true,"href":"https:\/\/www.socabasecamp.com\/sl\/wp-json\/wp\/v2\/users\/1\/"}],"replies":[{"embeddable":true,"href":"https:\/\/www.socabasecamp.com\/sl\/wp-json\/wp\/v2\/comments\/?post=389"}],"version-history":[{"count":11,"href":"https:\/\/www.socabasecamp.com\/sl\/wp-json\/wp\/v2\/pages\/389\/revisions\/"}],"predecessor-version":[{"id":1002,"href":"https:\/\/www.socabasecamp.com\/sl\/wp-json\/wp\/v2\/pages\/389\/revisions\/1002\/"}],"wp:attachment":[{"href":"https:\/\/www.socabasecamp.com\/sl\/wp-json\/wp\/v2\/media\/?parent=389"}],"curies":[{"name":"wp","href":"https:\/\/api.w.org\/{rel}","templated":true}]}}